{"id":321,"date":"2024-08-16T17:59:57","date_gmt":"2024-08-16T17:59:57","guid":{"rendered":"https:\/\/agroworld.grupomidia.com\/100maisinfluentesdoagronegocio\/?page_id=321"},"modified":"2026-03-05T11:27:37","modified_gmt":"2026-03-05T14:27:37","slug":"seja-patrocinador-do-100-mais-influentes-do-agronegocio","status":"publish","type":"page","link":"https:\/\/agroworld.grupomidia.com\/100maisinfluentesdoagronegocio\/seja-patrocinador-do-100-mais-influentes-do-agronegocio\/","title":{"rendered":"Patroc\u00ednio &#8211; 100 Mais Influentes do Agroneg\u00f3cio"},"content":{"rendered":"\t\t<div data-elementor-type=\"wp-page\" data-elementor-id=\"321\" class=\"elementor elementor-321\" data-elementor-post-type=\"page\">\n\t\t\t\t<div class=\"elementor-element elementor-element-058c7dc e-con-full e-flex elementor-invisible e-con e-parent\" data-id=\"058c7dc\" data-element_type=\"container\" data-settings=\"{&quot;background_background&quot;:&quot;classic&quot;,&quot;animation&quot;:&quot;fadeIn&quot;,&quot;sticky&quot;:&quot;top&quot;,&quot;sticky_on&quot;:[&quot;desktop&quot;,&quot;tablet&quot;,&quot;mobile&quot;],&quot;sticky_offset&quot;:0,&quot;sticky_effects_offset&quot;:0}\">\n\t\t<div class=\"elementor-element elementor-element-676e6d8 e-con-full e-flex e-con e-child\" data-id=\"676e6d8\" data-element_type=\"container\">\n\t\t\t\t<div class=\"elementor-element elementor-element-adae299 elementor-widget elementor-widget-image\" data-id=\"adae299\" data-element_type=\"widget\" data-widget_type=\"image.default\">\n\t\t\t\t<div class=\"elementor-widget-container\">\n\t\t\t<style>\/*! elementor - v3.21.0 - 24-04-2024 *\/\n.elementor-widget-image{text-align:center}.elementor-widget-image a{display:inline-block}.elementor-widget-image a img[src$=\".svg\"]{width:48px}.elementor-widget-image img{vertical-align:middle;display:inline-block}<\/style>\t\t\t\t\t\t\t\t\t\t\t<a href=\"https:\/\/agroworld.grupomidia.com\/100maisinfluentesdoagronegocio\">\n\t\t\t\t\t\t\t<img fetchpriority=\"high\" decoding=\"async\" width=\"800\" height=\"419\" src=\"https:\/\/agroworld.grupomidia.com\/100maisinfluentesdoagronegocio\/wp-content\/uploads\/2024\/08\/logo-100-mais-agro-2025-gm.png\" class=\"attachment-full size-full wp-image-111\" alt=\"100 Mais Influentes do Agro\" srcset=\"https:\/\/agroworld.grupomidia.com\/100maisinfluentesdoagronegocio\/wp-content\/uploads\/2024\/08\/logo-100-mais-agro-2025-gm.png 800w, https:\/\/agroworld.grupomidia.com\/100maisinfluentesdoagronegocio\/wp-content\/uploads\/2024\/08\/logo-100-mais-agro-2025-gm-300x157.png 300w, https:\/\/agroworld.grupomidia.com\/100maisinfluentesdoagronegocio\/wp-content\/uploads\/2024\/08\/logo-100-mais-agro-2025-gm-768x402.png 768w\" sizes=\"(max-width: 800px) 100vw, 800px\" \/>\t\t\t\t\t\t\t\t<\/a>\n\t\t\t\t\t\t\t\t\t\t\t\t\t<\/div>\n\t\t\t\t<\/div>\n\t\t\t\t<div class=\"elementor-element elementor-element-e801104 elementor-nav-menu__align-center elementor-nav-menu__text-align-center elementor-nav-menu--dropdown-tablet elementor-nav-menu--toggle elementor-nav-menu--burger elementor-widget elementor-widget-nav-menu\" data-id=\"e801104\" data-element_type=\"widget\" data-settings=\"{&quot;layout&quot;:&quot;horizontal&quot;,&quot;submenu_icon&quot;:{&quot;value&quot;:&quot;&lt;svg class=\\&quot;e-font-icon-svg e-fas-caret-down\\&quot; viewBox=\\&quot;0 0 320 512\\&quot; xmlns=\\&quot;http:\\\/\\\/www.w3.org\\\/2000\\\/svg\\&quot;&gt;&lt;path d=\\&quot;M31.3 192h257.3c17.8 0 26.7 21.5 14.1 34.1L174.1 354.8c-7.8 7.8-20.5 7.8-28.3 0L17.2 226.1C4.6 213.5 13.5 192 31.3 192z\\&quot;&gt;&lt;\\\/path&gt;&lt;\\\/svg&gt;&quot;,&quot;library&quot;:&quot;fa-solid&quot;},&quot;toggle&quot;:&quot;burger&quot;}\" data-widget_type=\"nav-menu.default\">\n\t\t\t\t<div class=\"elementor-widget-container\">\n\t\t\t<link rel=\"stylesheet\" href=\"https:\/\/agroworld.grupomidia.com\/100maisinfluentesdoagronegocio\/wp-content\/plugins\/elementor-pro\/assets\/css\/widget-nav-menu.min.css\">\t\t\t<nav class=\"elementor-nav-menu--main elementor-nav-menu__container elementor-nav-menu--layout-horizontal e--pointer-none\">\n\t\t\t\t<ul id=\"menu-1-e801104\" class=\"elementor-nav-menu\"><li class=\"menu-item menu-item-type-custom menu-item-object-custom menu-item-868\"><a target=\"_blank\" href=\"https:\/\/agroworld.grupomidia.com\/premio-100-mais-influentes-do-agronegocio-2026-revela-os-lideres-que-moldam-o-futuro-do-agro-brasileiro\/\" class=\"elementor-item\">ELEITOS &#8217;26<\/a><\/li>\n<li class=\"menu-item menu-item-type-custom menu-item-object-custom menu-item-286\"><a target=\"_blank\" href=\"https:\/\/agroworld.grupomidia.com\/100maisinfluentesdoagronegocio\/regulamento-premio-100-mais-influentes-do-agronegocio\/\" class=\"elementor-item\">REGULAMENTO<\/a><\/li>\n<li class=\"menu-item menu-item-type-custom menu-item-object-custom menu-item-1536\"><a target=\"_blank\" href=\"https:\/\/agroworld.grupomidia.com\/100maisinfluentesdoagronegocio\/guia\" class=\"elementor-item\">GUIA OFICIAL<\/a><\/li>\n<li class=\"menu-item menu-item-type-custom menu-item-object-custom menu-item-home menu-item-59\"><a href=\"https:\/\/agroworld.grupomidia.com\/100maisinfluentesdoagronegocio\/#contato\" class=\"elementor-item elementor-item-anchor\">CONTATO<\/a><\/li>\n<\/ul>\t\t\t<\/nav>\n\t\t\t\t\t<div class=\"elementor-menu-toggle\" role=\"button\" tabindex=\"0\" aria-label=\"Menu Toggle\" aria-expanded=\"false\">\n\t\t\t<svg aria-hidden=\"true\" role=\"presentation\" class=\"elementor-menu-toggle__icon--open e-font-icon-svg e-eicon-menu-bar\" viewBox=\"0 0 1000 1000\" xmlns=\"http:\/\/www.w3.org\/2000\/svg\"><path d=\"M104 333H896C929 333 958 304 958 271S929 208 896 208H104C71 208 42 237 42 271S71 333 104 333ZM104 583H896C929 583 958 554 958 521S929 458 896 458H104C71 458 42 487 42 521S71 583 104 583ZM104 833H896C929 833 958 804 958 771S929 708 896 708H104C71 708 42 737 42 771S71 833 104 833Z\"><\/path><\/svg><svg aria-hidden=\"true\" role=\"presentation\" class=\"elementor-menu-toggle__icon--close e-font-icon-svg e-eicon-close\" viewBox=\"0 0 1000 1000\" xmlns=\"http:\/\/www.w3.org\/2000\/svg\"><path d=\"M742 167L500 408 258 167C246 154 233 150 217 150 196 150 179 158 167 167 154 179 150 196 150 212 150 229 154 242 171 254L408 500 167 742C138 771 138 800 167 829 196 858 225 858 254 829L496 587 738 829C750 842 767 846 783 846 800 846 817 842 829 829 842 817 846 804 846 783 846 767 842 750 829 737L588 500 833 258C863 229 863 200 833 171 804 137 775 137 742 167Z\"><\/path><\/svg>\t\t\t<span class=\"elementor-screen-only\">Menu<\/span>\n\t\t<\/div>\n\t\t\t\t\t<nav class=\"elementor-nav-menu--dropdown elementor-nav-menu__container\" aria-hidden=\"true\">\n\t\t\t\t<ul id=\"menu-2-e801104\" class=\"elementor-nav-menu\"><li class=\"menu-item menu-item-type-custom menu-item-object-custom menu-item-868\"><a target=\"_blank\" href=\"https:\/\/agroworld.grupomidia.com\/premio-100-mais-influentes-do-agronegocio-2026-revela-os-lideres-que-moldam-o-futuro-do-agro-brasileiro\/\" class=\"elementor-item\" tabindex=\"-1\">ELEITOS &#8217;26<\/a><\/li>\n<li class=\"menu-item menu-item-type-custom menu-item-object-custom menu-item-286\"><a target=\"_blank\" href=\"https:\/\/agroworld.grupomidia.com\/100maisinfluentesdoagronegocio\/regulamento-premio-100-mais-influentes-do-agronegocio\/\" class=\"elementor-item\" tabindex=\"-1\">REGULAMENTO<\/a><\/li>\n<li class=\"menu-item menu-item-type-custom menu-item-object-custom menu-item-1536\"><a target=\"_blank\" href=\"https:\/\/agroworld.grupomidia.com\/100maisinfluentesdoagronegocio\/guia\" class=\"elementor-item\" tabindex=\"-1\">GUIA OFICIAL<\/a><\/li>\n<li class=\"menu-item menu-item-type-custom menu-item-object-custom menu-item-home menu-item-59\"><a href=\"https:\/\/agroworld.grupomidia.com\/100maisinfluentesdoagronegocio\/#contato\" class=\"elementor-item elementor-item-anchor\" tabindex=\"-1\">CONTATO<\/a><\/li>\n<\/ul>\t\t\t<\/nav>\n\t\t\t\t<\/div>\n\t\t\t\t<\/div>\n\t\t\t\t<\/div>\n\t\t\t\t<\/div>\n\t\t<div class=\"elementor-element elementor-element-3373a0ca e-flex e-con-boxed e-con e-parent\" data-id=\"3373a0ca\" data-element_type=\"container\">\n\t\t\t\t\t<div class=\"e-con-inner\">\n\t\t<div class=\"elementor-element elementor-element-1446fa34 e-con-full e-flex e-con e-child\" data-id=\"1446fa34\" data-element_type=\"container\">\n\t\t\t\t<div class=\"elementor-element elementor-element-5cf9b9d elementor-widget elementor-widget-html\" data-id=\"5cf9b9d\" data-element_type=\"widget\" data-widget_type=\"html.default\">\n\t\t\t\t<div class=\"elementor-widget-container\">\n\t\t\t<div role=\"main\" id=\"patrocinio100maisagronegocio_2026-e4d10a0cb2267f5b0d8b\"><\/div><script type=\"text\/javascript\" src=\"https:\/\/d335luupugsy2.cloudfront.net\/js\/rdstation-forms\/stable\/rdstation-forms.min.js\"><\/script><script type=\"text\/javascript\"> new RDStationForms('patrocinio100maisagronegocio_2026-e4d10a0cb2267f5b0d8b', 'null').createForm();<\/script>\t\t<\/div>\n\t\t\t\t<\/div>\n\t\t\t\t<\/div>\n\t\t\t\t\t<\/div>\n\t\t\t\t<\/div>\n\t\t<div class=\"elementor-element elementor-element-113eb6b4 e-con-full e-flex e-con e-parent\" data-id=\"113eb6b4\" data-element_type=\"container\">\n\t\t\t\t<div class=\"elementor-element elementor-element-16578606 elementor-widget__width-inherit elementor-widget elementor-widget-heading\" data-id=\"16578606\" data-element_type=\"widget\" data-widget_type=\"heading.default\">\n\t\t\t\t<div class=\"elementor-widget-container\">\n\t\t\t<style>\/*! elementor - v3.21.0 - 24-04-2024 *\/\n.elementor-heading-title{padding:0;margin:0;line-height:1}.elementor-widget-heading .elementor-heading-title[class*=elementor-size-]>a{color:inherit;font-size:inherit;line-height:inherit}.elementor-widget-heading .elementor-heading-title.elementor-size-small{font-size:15px}.elementor-widget-heading .elementor-heading-title.elementor-size-medium{font-size:19px}.elementor-widget-heading .elementor-heading-title.elementor-size-large{font-size:29px}.elementor-widget-heading .elementor-heading-title.elementor-size-xl{font-size:39px}.elementor-widget-heading .elementor-heading-title.elementor-size-xxl{font-size:59px}<\/style><h3 class=\"elementor-heading-title elementor-size-default\">Contato<\/h3>\t\t<\/div>\n\t\t\t\t<\/div>\n\t\t\t\t<\/div>\n\t\t<div class=\"elementor-element elementor-element-490a6c2f e-con-full e-flex e-con e-parent\" data-id=\"490a6c2f\" data-element_type=\"container\">\n\t\t<div class=\"elementor-element elementor-element-b7305b3 e-con-full e-flex e-con e-child\" data-id=\"b7305b3\" data-element_type=\"container\">\n\t\t<div class=\"elementor-element elementor-element-e68336f e-con-full e-flex e-con e-child\" data-id=\"e68336f\" data-element_type=\"container\">\n\t\t\t\t<div class=\"elementor-element elementor-element-3a56d4d elementor-widget__width-initial elementor-widget elementor-widget-text-editor\" data-id=\"3a56d4d\" data-element_type=\"widget\" data-widget_type=\"text-editor.default\">\n\t\t\t\t<div class=\"elementor-widget-container\">\n\t\t\t<style>\/*! elementor - v3.21.0 - 24-04-2024 *\/\n.elementor-widget-text-editor.elementor-drop-cap-view-stacked .elementor-drop-cap{background-color:#69727d;color:#fff}.elementor-widget-text-editor.elementor-drop-cap-view-framed .elementor-drop-cap{color:#69727d;border:3px solid;background-color:transparent}.elementor-widget-text-editor:not(.elementor-drop-cap-view-default) .elementor-drop-cap{margin-top:8px}.elementor-widget-text-editor:not(.elementor-drop-cap-view-default) .elementor-drop-cap-letter{width:1em;height:1em}.elementor-widget-text-editor .elementor-drop-cap{float:left;text-align:center;line-height:1;font-size:50px}.elementor-widget-text-editor .elementor-drop-cap-letter{display:inline-block}<\/style>\t\t\t\t<center><a href=\"mailto:agroworld@grupomidia.com\" target=\"_blank\" rel=\"noopener\"><span style=\"color: #f6d35f;\">agroworld@grupomidia.com<\/span><\/a><br \/><br \/><\/center><p>16 3913 &#8211; 9800<\/p>\t\t\t\t\t\t<\/div>\n\t\t\t\t<\/div>\n\t\t\t\t<div class=\"elementor-element elementor-element-166aca8 elementor-widget elementor-widget-image\" data-id=\"166aca8\" data-element_type=\"widget\" data-widget_type=\"image.default\">\n\t\t\t\t<div class=\"elementor-widget-container\">\n\t\t\t\t\t\t\t\t\t\t\t\t\t\t<a href=\"https:\/\/grupomidia.com\" target=\"_blank\">\n\t\t\t\t\t\t\t<img decoding=\"async\" width=\"768\" height=\"517\" src=\"https:\/\/agroworld.grupomidia.com\/100maisinfluentesdoagronegocio\/wp-content\/uploads\/2025\/10\/logo-oficial-branca-GM.png-768x517.webp\" class=\"attachment-medium_large size-medium_large wp-image-1032\" alt=\"Grupo M\u00eddia. Neg\u00f3cios s\u00e3o feitos de conex\u00f5es e disso a gente entende\" srcset=\"https:\/\/agroworld.grupomidia.com\/100maisinfluentesdoagronegocio\/wp-content\/uploads\/2025\/10\/logo-oficial-branca-GM.png-768x517.webp 768w, https:\/\/agroworld.grupomidia.com\/100maisinfluentesdoagronegocio\/wp-content\/uploads\/2025\/10\/logo-oficial-branca-GM.png-300x202.webp 300w, https:\/\/agroworld.grupomidia.com\/100maisinfluentesdoagronegocio\/wp-content\/uploads\/2025\/10\/logo-oficial-branca-GM.png.webp 800w\" sizes=\"(max-width: 768px) 100vw, 768px\" \/>\t\t\t\t\t\t\t\t<\/a>\n\t\t\t\t\t\t\t\t\t\t\t\t\t<\/div>\n\t\t\t\t<\/div>\n\t\t\t\t<div class=\"elementor-element elementor-element-2e5d29e elementor-view-default elementor-widget elementor-widget-icon\" data-id=\"2e5d29e\" data-element_type=\"widget\" data-widget_type=\"icon.default\">\n\t\t\t\t<div class=\"elementor-widget-container\">\n\t\t\t\t\t<div class=\"elementor-icon-wrapper\">\n\t\t\t<a class=\"elementor-icon elementor-animation-pulse-grow\" href=\"#topo\">\n\t\t\t<svg aria-hidden=\"true\" class=\"e-font-icon-svg e-fas-arrow-up\" viewBox=\"0 0 448 512\" xmlns=\"http:\/\/www.w3.org\/2000\/svg\"><path d=\"M34.9 289.5l-22.2-22.2c-9.4-9.4-9.4-24.6 0-33.9L207 39c9.4-9.4 24.6-9.4 33.9 0l194.3 194.3c9.4 9.4 9.4 24.6 0 33.9L413 289.4c-9.5 9.5-25 9.3-34.3-.4L264 168.6V456c0 13.3-10.7 24-24 24h-32c-13.3 0-24-10.7-24-24V168.6L69.2 289.1c-9.3 9.8-24.8 10-34.3.4z\"><\/path><\/svg>\t\t\t<\/a>\n\t\t<\/div>\n\t\t\t\t<\/div>\n\t\t\t\t<\/div>\n\t\t\t\t<div class=\"elementor-element elementor-element-cf8e7f7 elementor-widget elementor-widget-text-editor\" data-id=\"cf8e7f7\" data-element_type=\"widget\" data-widget_type=\"text-editor.default\">\n\t\t\t\t<div class=\"elementor-widget-container\">\n\t\t\t\t\t\t\t<p>\u00a9 COPYRIGHT 2026. PR\u00caMIO 100 MAIS INFLUENTES DO AGRONEG\u00d3CIO. GRUPO M\u00cdDIA. TODOS OS DIREITOS RESERVADOS.<\/p>\t\t\t\t\t\t<\/div>\n\t\t\t\t<\/div>\n\t\t\t\t<\/div>\n\t\t\t\t<\/div>\n\t\t\t\t<\/div>\n\t\t\t\t<\/div>\n\t\t","protected":false},"excerpt":{"rendered":"<p>Contato agroworld@grupomidia.com 16 3913 &#8211; 9800 \u00a9 COPYRIGHT 2026. PR\u00caMIO 100 MAIS INFLUENTES DO AGRONEG\u00d3CIO. GRUPO M\u00cdDIA. TODOS OS DIREITOS RESERVADOS.<\/p>\n","protected":false},"author":1,"featured_media":0,"parent":0,"menu_order":0,"comment_status":"closed","ping_status":"closed","template":"","meta":{"_monsterinsights_skip_tracking":false,"_monsterinsights_sitenote_active":false,"_monsterinsights_sitenote_note":"","_monsterinsights_sitenote_category":0,"footnotes":""},"class_list":["post-321","page","type-page","status-publish","hentry"],"aioseo_notices":[],"_links":{"self":[{"href":"https:\/\/agroworld.grupomidia.com\/100maisinfluentesdoagronegocio\/wp-json\/wp\/v2\/pages\/321","targetHints":{"allow":["GET"]}}],"collection":[{"href":"https:\/\/agroworld.grupomidia.com\/100maisinfluentesdoagronegocio\/wp-json\/wp\/v2\/pages"}],"about":[{"href":"https:\/\/agroworld.grupomidia.com\/100maisinfluentesdoagronegocio\/wp-json\/wp\/v2\/types\/page"}],"author":[{"embeddable":true,"href":"https:\/\/agroworld.grupomidia.com\/100maisinfluentesdoagronegocio\/wp-json\/wp\/v2\/users\/1"}],"replies":[{"embeddable":true,"href":"https:\/\/agroworld.grupomidia.com\/100maisinfluentesdoagronegocio\/wp-json\/wp\/v2\/comments?post=321"}],"version-history":[{"count":0,"href":"https:\/\/agroworld.grupomidia.com\/100maisinfluentesdoagronegocio\/wp-json\/wp\/v2\/pages\/321\/revisions"}],"wp:attachment":[{"href":"https:\/\/agroworld.grupomidia.com\/100maisinfluentesdoagronegocio\/wp-json\/wp\/v2\/media?parent=321"}],"curies":[{"name":"wp","href":"https:\/\/api.w.org\/{rel}","templated":true}]}}